{"id":11965,"date":"2024-09-23T09:44:05","date_gmt":"2024-09-23T07:44:05","guid":{"rendered":"https:\/\/kliently.se\/?post_type=product&#038;p=11965"},"modified":"2026-04-17T15:24:47","modified_gmt":"2026-04-17T13:24:47","slug":"large","status":"publish","type":"product","link":"https:\/\/kliently.se\/ar\/produkt\/large\/","title":{"rendered":"F\u00f6retagsabonnemang Large"},"content":{"rendered":"<p>F\u00f6r f\u00f6retag som vill ha en juridisk partner<\/p>\n","protected":false},"excerpt":{"rendered":"<p><span class=\"small-header-span\"><br \/>\n15% rabatt p\u00e5 v\u00e5r ordinarie juristtaxa<\/span><br \/>\n<br \/>Tillg\u00e5ng till 50+ avtal och juridiska dokument<\/p>\n<p>\u00c5rlig juridisk h\u00e4lsocheck av f\u00f6retaget (30 minuter)<\/p>\n<p>M\u00f6jlighet till f\u00f6retagsl\u00e5n genom Qred<\/p>\n<p style=\"text-align: center;\"><strong style=\"color: #f50082;\">Ni f\u00e5r \u00e4ven:<\/strong><br \/>\n<br \/>\u2022 HR-trygghet<br \/>\n<br \/>\u2022 Chefsst\u00f6d i fr\u00e5gor som r\u00f6r arbetsr\u00e4tt, arbetsmilj\u00f6, konflikter och dylikt<\/p>\n","protected":false},"featured_media":17718,"template":"","meta":{"_acf_changed":false,"inline_featured_image":false},"product_brand":[],"product_cat":[242],"product_tag":[],"class_list":{"0":"post-11965","1":"product","2":"type-product","3":"status-publish","4":"has-post-thumbnail","6":"product_cat-foretagsabonnemang","8":"first","9":"instock","10":"virtual","11":"sold-individually","12":"purchasable","13":"product-type-simple"},"acf":[],"yoast_head":"<!-- This site is optimized with the Yoast SEO Premium plugin v27.3 (Yoast SEO v27.5) - https:\/\/yoast.com\/product\/yoast-seo-premium-wordpress\/ -->\n<title>F\u00f6retagsabonnemang Large - Kliently<\/title>\n<meta name=\"robots\" content=\"noindex, nofollow\" \/>\n<meta property=\"og:locale\" content=\"ar_AR\" \/>\n<meta property=\"og:type\" content=\"article\" \/>\n<meta property=\"og:title\" content=\"F\u00f6retagsabonnemang Large\" \/>\n<meta property=\"og:description\" content=\"15% rabatt p\u00e5 v\u00e5r ordinarie juristtaxa Tillg\u00e5ng till 50+ avtal och juridiska dokument  \u00c5rlig juridisk h\u00e4lsocheck av f\u00f6retaget (30 minuter)  M\u00f6jlighet till f\u00f6retagsl\u00e5n genom Qred Ni f\u00e5r \u00e4ven: \u2022 HR-trygghet \u2022 Chefsst\u00f6d i fr\u00e5gor som r\u00f6r arbetsr\u00e4tt, arbetsmilj\u00f6, konflikter och dylikt\" \/>\n<meta property=\"og:url\" content=\"https:\/\/kliently.se\/ar\/produkt\/large\/\" \/>\n<meta property=\"og:site_name\" content=\"Kliently\" \/>\n<meta property=\"article:publisher\" content=\"https:\/\/www.facebook.com\/Kliently\/\" \/>\n<meta property=\"article:modified_time\" content=\"2026-04-17T13:24:47+00:00\" \/>\n<meta property=\"og:image\" content=\"https:\/\/kliently.se\/wp-content\/uploads\/2024\/09\/Large.png\" \/>\n\t<meta property=\"og:image:width\" content=\"1080\" \/>\n\t<meta property=\"og:image:height\" content=\"1080\" \/>\n\t<meta property=\"og:image:type\" content=\"image\/png\" \/>\n<meta name=\"twitter:card\" content=\"summary_large_image\" \/>\n<meta name=\"twitter:label1\" content=\"\u0648\u0642\u062a \u0627\u0644\u0642\u0631\u0627\u0621\u0629 \u0627\u0644\u0645\u064f\u0642\u062f\u0651\u0631\" \/>\n\t<meta name=\"twitter:data1\" content=\"1 \u062f\u0642\u064a\u0642\u0629\" \/>\n<script type=\"application\/ld+json\" class=\"yoast-schema-graph\">{\"@context\":\"https:\\\/\\\/schema.org\",\"@graph\":[{\"@type\":\"WebPage\",\"@id\":\"https:\\\/\\\/kliently.se\\\/ar\\\/produkt\\\/large\\\/\",\"url\":\"https:\\\/\\\/kliently.se\\\/ar\\\/produkt\\\/large\\\/\",\"name\":\"F\u00f6retagsabonnemang Large - Kliently\",\"isPartOf\":{\"@id\":\"https:\\\/\\\/kliently.se\\\/ar\\\/#website\"},\"primaryImageOfPage\":{\"@id\":\"https:\\\/\\\/kliently.se\\\/ar\\\/produkt\\\/large\\\/#primaryimage\"},\"image\":{\"@id\":\"https:\\\/\\\/kliently.se\\\/ar\\\/produkt\\\/large\\\/#primaryimage\"},\"thumbnailUrl\":\"https:\\\/\\\/kliently.se\\\/wp-content\\\/uploads\\\/2024\\\/09\\\/Large.png\",\"datePublished\":\"2024-09-23T07:44:05+00:00\",\"dateModified\":\"2026-04-17T13:24:47+00:00\",\"breadcrumb\":{\"@id\":\"https:\\\/\\\/kliently.se\\\/ar\\\/produkt\\\/large\\\/#breadcrumb\"},\"inLanguage\":\"ar\",\"potentialAction\":[{\"@type\":\"ReadAction\",\"target\":[\"https:\\\/\\\/kliently.se\\\/ar\\\/produkt\\\/large\\\/\"]}]},{\"@type\":\"ImageObject\",\"inLanguage\":\"ar\",\"@id\":\"https:\\\/\\\/kliently.se\\\/ar\\\/produkt\\\/large\\\/#primaryimage\",\"url\":\"https:\\\/\\\/kliently.se\\\/wp-content\\\/uploads\\\/2024\\\/09\\\/Large.png\",\"contentUrl\":\"https:\\\/\\\/kliently.se\\\/wp-content\\\/uploads\\\/2024\\\/09\\\/Large.png\",\"width\":1080,\"height\":1080,\"caption\":\"F\u00f6retagsabonnemang large\"},{\"@type\":\"BreadcrumbList\",\"@id\":\"https:\\\/\\\/kliently.se\\\/ar\\\/produkt\\\/large\\\/#breadcrumb\",\"itemListElement\":[{\"@type\":\"ListItem\",\"position\":1,\"name\":\"Hem\",\"item\":\"https:\\\/\\\/kliently.se\\\/ar\\\/hem\\\/\"},{\"@type\":\"ListItem\",\"position\":2,\"name\":\"F\u00f6retagsabonnemang Large\"}]},{\"@type\":\"WebSite\",\"@id\":\"https:\\\/\\\/kliently.se\\\/ar\\\/#website\",\"url\":\"https:\\\/\\\/kliently.se\\\/ar\\\/\",\"name\":\"Kliently - F\u00f6r alla dina juridiska behov\",\"description\":\"\",\"publisher\":{\"@id\":\"https:\\\/\\\/kliently.se\\\/ar\\\/#organization\"},\"potentialAction\":[{\"@type\":\"SearchAction\",\"target\":{\"@type\":\"EntryPoint\",\"urlTemplate\":\"https:\\\/\\\/kliently.se\\\/ar\\\/?s={search_term_string}\"},\"query-input\":{\"@type\":\"PropertyValueSpecification\",\"valueRequired\":true,\"valueName\":\"search_term_string\"}}],\"inLanguage\":\"ar\"},{\"@type\":\"Organization\",\"@id\":\"https:\\\/\\\/kliently.se\\\/ar\\\/#organization\",\"name\":\"Kliently\",\"url\":\"https:\\\/\\\/kliently.se\\\/ar\\\/\",\"logo\":{\"@type\":\"ImageObject\",\"inLanguage\":\"ar\",\"@id\":\"https:\\\/\\\/kliently.se\\\/ar\\\/#\\\/schema\\\/logo\\\/image\\\/\",\"url\":\"https:\\\/\\\/kliently.se\\\/wp-content\\\/uploads\\\/2025\\\/04\\\/Kliently-blue-logo.png\",\"contentUrl\":\"https:\\\/\\\/kliently.se\\\/wp-content\\\/uploads\\\/2025\\\/04\\\/Kliently-blue-logo.png\",\"width\":2515,\"height\":641,\"caption\":\"Kliently\"},\"image\":{\"@id\":\"https:\\\/\\\/kliently.se\\\/ar\\\/#\\\/schema\\\/logo\\\/image\\\/\"},\"sameAs\":[\"https:\\\/\\\/www.facebook.com\\\/Kliently\\\/\",\"https:\\\/\\\/www.instagram.com\\\/kliently\\\/\",\"https:\\\/\\\/www.tiktok.com\\\/@kliently\",\"https:\\\/\\\/www.linkedin.com\\\/company\\\/kliently\\\/\"]}]}<\/script>\n<!-- \/ Yoast SEO Premium plugin. -->","yoast_head_json":{"title":"F\u00f6retagsabonnemang Large - Kliently","robots":{"index":"noindex","follow":"nofollow"},"og_locale":"ar_AR","og_type":"article","og_title":"F\u00f6retagsabonnemang Large","og_description":"15% rabatt p\u00e5 v\u00e5r ordinarie juristtaxa Tillg\u00e5ng till 50+ avtal och juridiska dokument  \u00c5rlig juridisk h\u00e4lsocheck av f\u00f6retaget (30 minuter)  M\u00f6jlighet till f\u00f6retagsl\u00e5n genom Qred Ni f\u00e5r \u00e4ven: \u2022 HR-trygghet \u2022 Chefsst\u00f6d i fr\u00e5gor som r\u00f6r arbetsr\u00e4tt, arbetsmilj\u00f6, konflikter och dylikt","og_url":"https:\/\/kliently.se\/ar\/produkt\/large\/","og_site_name":"Kliently","article_publisher":"https:\/\/www.facebook.com\/Kliently\/","article_modified_time":"2026-04-17T13:24:47+00:00","og_image":[{"width":1080,"height":1080,"url":"https:\/\/kliently.se\/wp-content\/uploads\/2024\/09\/Large.png","type":"image\/png"}],"twitter_card":"summary_large_image","twitter_misc":{"\u0648\u0642\u062a \u0627\u0644\u0642\u0631\u0627\u0621\u0629 \u0627\u0644\u0645\u064f\u0642\u062f\u0651\u0631":"1 \u062f\u0642\u064a\u0642\u0629"},"schema":{"@context":"https:\/\/schema.org","@graph":[{"@type":"WebPage","@id":"https:\/\/kliently.se\/ar\/produkt\/large\/","url":"https:\/\/kliently.se\/ar\/produkt\/large\/","name":"F\u00f6retagsabonnemang Large - Kliently","isPartOf":{"@id":"https:\/\/kliently.se\/ar\/#website"},"primaryImageOfPage":{"@id":"https:\/\/kliently.se\/ar\/produkt\/large\/#primaryimage"},"image":{"@id":"https:\/\/kliently.se\/ar\/produkt\/large\/#primaryimage"},"thumbnailUrl":"https:\/\/kliently.se\/wp-content\/uploads\/2024\/09\/Large.png","datePublished":"2024-09-23T07:44:05+00:00","dateModified":"2026-04-17T13:24:47+00:00","breadcrumb":{"@id":"https:\/\/kliently.se\/ar\/produkt\/large\/#breadcrumb"},"inLanguage":"ar","potentialAction":[{"@type":"ReadAction","target":["https:\/\/kliently.se\/ar\/produkt\/large\/"]}]},{"@type":"ImageObject","inLanguage":"ar","@id":"https:\/\/kliently.se\/ar\/produkt\/large\/#primaryimage","url":"https:\/\/kliently.se\/wp-content\/uploads\/2024\/09\/Large.png","contentUrl":"https:\/\/kliently.se\/wp-content\/uploads\/2024\/09\/Large.png","width":1080,"height":1080,"caption":"F\u00f6retagsabonnemang large"},{"@type":"BreadcrumbList","@id":"https:\/\/kliently.se\/ar\/produkt\/large\/#breadcrumb","itemListElement":[{"@type":"ListItem","position":1,"name":"Hem","item":"https:\/\/kliently.se\/ar\/hem\/"},{"@type":"ListItem","position":2,"name":"F\u00f6retagsabonnemang Large"}]},{"@type":"WebSite","@id":"https:\/\/kliently.se\/ar\/#website","url":"https:\/\/kliently.se\/ar\/","name":"Kliently - F\u00f6r alla dina juridiska behov","description":"","publisher":{"@id":"https:\/\/kliently.se\/ar\/#organization"},"potentialAction":[{"@type":"SearchAction","target":{"@type":"EntryPoint","urlTemplate":"https:\/\/kliently.se\/ar\/?s={search_term_string}"},"query-input":{"@type":"PropertyValueSpecification","valueRequired":true,"valueName":"search_term_string"}}],"inLanguage":"ar"},{"@type":"Organization","@id":"https:\/\/kliently.se\/ar\/#organization","name":"Kliently","url":"https:\/\/kliently.se\/ar\/","logo":{"@type":"ImageObject","inLanguage":"ar","@id":"https:\/\/kliently.se\/ar\/#\/schema\/logo\/image\/","url":"https:\/\/kliently.se\/wp-content\/uploads\/2025\/04\/Kliently-blue-logo.png","contentUrl":"https:\/\/kliently.se\/wp-content\/uploads\/2025\/04\/Kliently-blue-logo.png","width":2515,"height":641,"caption":"Kliently"},"image":{"@id":"https:\/\/kliently.se\/ar\/#\/schema\/logo\/image\/"},"sameAs":["https:\/\/www.facebook.com\/Kliently\/","https:\/\/www.instagram.com\/kliently\/","https:\/\/www.tiktok.com\/@kliently","https:\/\/www.linkedin.com\/company\/kliently\/"]}]}},"_links":{"self":[{"href":"https:\/\/kliently.se\/ar\/wp-json\/wp\/v2\/product\/11965","targetHints":{"allow":["GET"]}}],"collection":[{"href":"https:\/\/kliently.se\/ar\/wp-json\/wp\/v2\/product"}],"about":[{"href":"https:\/\/kliently.se\/ar\/wp-json\/wp\/v2\/types\/product"}],"wp:featuredmedia":[{"embeddable":true,"href":"https:\/\/kliently.se\/ar\/wp-json\/wp\/v2\/media\/17718"}],"wp:attachment":[{"href":"https:\/\/kliently.se\/ar\/wp-json\/wp\/v2\/media?parent=11965"}],"wp:term":[{"taxonomy":"product_brand","embeddable":true,"href":"https:\/\/kliently.se\/ar\/wp-json\/wp\/v2\/product_brand?post=11965"},{"taxonomy":"product_cat","embeddable":true,"href":"https:\/\/kliently.se\/ar\/wp-json\/wp\/v2\/product_cat?post=11965"},{"taxonomy":"product_tag","embeddable":true,"href":"https:\/\/kliently.se\/ar\/wp-json\/wp\/v2\/product_tag?post=11965"}],"curies":[{"name":"wp","href":"https:\/\/api.w.org\/{rel}","templated":true}]}}